{"id":20289,"date":"2023-12-05T15:02:16","date_gmt":"2023-12-05T14:02:16","guid":{"rendered":"https:\/\/centelys.es\/reparacion-de-cisternas\/"},"modified":"2024-02-19T12:42:22","modified_gmt":"2024-02-19T11:42:22","slug":"reparacion-de-cisternas","status":"publish","type":"page","link":"https:\/\/centelys.es\/en\/servicios\/fontaneria\/reparacion-de-cisternas\/","title":{"rendered":"Cistern repair"},"content":{"rendered":"<p><div class=\"fusion-fullwidth fullwidth-box fusion-builder-row-1 fusion-flex-container has-pattern-background has-mask-background nonhundred-percent-fullwidth non-hundred-percent-height-scrolling\" style=\"--link_hover_color: #278b77;--link_color: #278b77;--awb-background-position:right top;--awb-background-blend-mode:overlay;--awb-border-color:#ffffff;--awb-border-radius-top-left:0px;--awb-border-radius-top-right:0px;--awb-border-radius-bottom-right:0px;--awb-border-radius-bottom-left:0px;--awb-padding-top:120px;--awb-padding-bottom:120px;--awb-padding-top-medium:90px;--awb-padding-bottom-medium:90px;--awb-padding-top-small:80px;--awb-padding-bottom-small:80px;--awb-margin-bottom-medium:0px;--awb-background-color:#ffffff;--awb-flex-wrap:wrap;\" id=\"who\" ><div class=\"fusion-builder-row fusion-row fusion-flex-align-items-center fusion-flex-content-wrap\" style=\"max-width:calc( 1400px + 80px );margin-left: calc(-80px \/ 2 );margin-right: calc(-80px \/ 2 );\"><div class=\"fusion-layout-column fusion_builder_column fusion-builder-column-0 fusion-flex-column fusion-flex-align-self-stretch fusion-animated\" style=\"--awb-bg-position:center center;--awb-bg-size:cover;--awb-width-large:52%;--awb-margin-top-large:0px;--awb-spacing-right-large:72px;--awb-margin-bottom-large:0px;--awb-spacing-left-large:40px;--awb-width-medium:50%;--awb-order-medium:0;--awb-spacing-right-medium:70px;--awb-spacing-left-medium:40px;--awb-width-small:100%;--awb-order-small:0;--awb-spacing-right-small:40px;--awb-spacing-left-small:40px;\" data-animationType=\"fadeInUp\" data-animationDuration=\"0.8\" data-animationOffset=\"top-into-view\" data-motion-effects=\"[{&quot;type&quot;:&quot;&quot;,&quot;scroll_type&quot;:&quot;transition&quot;,&quot;scroll_direction&quot;:&quot;up&quot;,&quot;transition_speed&quot;:&quot;1&quot;,&quot;fade_type&quot;:&quot;in&quot;,&quot;scale_type&quot;:&quot;up&quot;,&quot;initial_scale&quot;:&quot;1&quot;,&quot;max_scale&quot;:&quot;1.5&quot;,&quot;min_scale&quot;:&quot;0.5&quot;,&quot;initial_rotate&quot;:&quot;0&quot;,&quot;end_rotate&quot;:&quot;30&quot;,&quot;initial_blur&quot;:&quot;0&quot;,&quot;end_blur&quot;:&quot;3&quot;,&quot;start_element&quot;:&quot;top&quot;,&quot;start_viewport&quot;:&quot;bottom&quot;,&quot;end_element&quot;:&quot;bottom&quot;,&quot;end_viewport&quot;:&quot;top&quot;,&quot;mouse_effect&quot;:&quot;track&quot;,&quot;mouse_effect_direction&quot;:&quot;opposite&quot;,&quot;mouse_effect_speed&quot;:&quot;2&quot;,&quot;infinite_animation&quot;:&quot;float&quot;,&quot;infinite_animation_speed&quot;:&quot;2&quot;}]\" data-scroll-devices=\"small-visibility,medium-visibility,large-visibility\"><div class=\"fusion-column-wrapper lazyload fusion-column-has-shadow fusion-flex-justify-content-center fusion-content-layout-column fusion-empty-column-bg-image fusion-column-has-bg-image\" data-bg-url=\"https:\/\/centelys.es\/wp-content\/uploads\/2024\/01\/Depositphotos_134816946_L.jpg\" data-bg=\"https:\/\/centelys.es\/wp-content\/uploads\/2024\/01\/Depositphotos_134816946_L.jpg\"><img decoding=\"async\" class=\"fusion-empty-dims-img-placeholder\" src=\"data:image\/svg+xml,%3Csvg%20xmlns%3D%27http%3A%2F%2Fwww.w3.org%2F2000%2Fsvg%27%20width%3D%271999%27%20height%3D%271333%27%20viewBox%3D%270%200%201999%201333%27%3E%3Crect%20width%3D%271999%27%20height%3D%271333%27%20fill-opacity%3D%220%22%2F%3E%3C%2Fsvg%3E\"><\/div><\/div><div class=\"fusion-layout-column fusion_builder_column fusion-builder-column-1 fusion-flex-column fusion-animated\" style=\"--awb-padding-bottom-medium:0px;--awb-bg-size:cover;--awb-width-large:48%;--awb-margin-top-large:0px;--awb-spacing-right-large:40px;--awb-margin-bottom-large:0px;--awb-spacing-left-large:55px;--awb-width-medium:50%;--awb-order-medium:0;--awb-spacing-right-medium:40px;--awb-spacing-left-medium:20px;--awb-width-small:100%;--awb-order-small:0;--awb-spacing-right-small:40px;--awb-spacing-left-small:20px;\" data-animationType=\"fadeInRight\" data-animationDuration=\"1.3\" data-animationOffset=\"top-into-view\"><div class=\"fusion-column-wrapper fusion-column-has-shadow fusion-flex-justify-content-flex-start fusion-content-layout-column\"><div class=\"fusion-title title fusion-title-1 fusion-no-small-visibility fusion-no-medium-visibility fusion-sep-none fusion-title-text fusion-title-size-three\" style=\"--awb-text-color:#091b18;--awb-margin-bottom:30px;--awb-sep-color:#d1d1d1;--awb-font-size:50px;\"><h3 class=\"fusion-title-heading title-heading-left\" style=\"margin:0;font-size:1em;text-transform:var(--awb-typography1-text-transform);line-height:1.2;\">Problem Identification<\/h3><\/div><div class=\"fusion-text fusion-text-1 fusion-text-no-margin\" style=\"--awb-text-color:#091b18;--awb-margin-bottom:10px;\"><p>Cisterns can experience a variety of problems, from leaks to problems with the flushing mechanism. Accurately identifying the problem is the first step to an effective repair. Visible leaks, unusual sounds, and difficulties filling or flushing are common signs of cistern problems.<\/p>\n<\/div><div class=\"fusion-separator fusion-full-width-sep\" style=\"align-self: center;margin-left: auto;margin-right: auto;margin-top:30px;margin-bottom:10px;width:100%;\"><div class=\"fusion-separator-border sep-single sep-solid\" style=\"--awb-height:20px;--awb-amount:20px;border-color:var(--awb-color3);border-top-width:1px;\"><\/div><\/div><div class=\"fusion-title title fusion-title-2 fusion-no-small-visibility fusion-no-medium-visibility fusion-sep-none fusion-title-text fusion-title-size-three\" style=\"--awb-text-color:#091b18;--awb-margin-bottom:30px;--awb-sep-color:#d1d1d1;--awb-font-size:50px;\"><h3 class=\"fusion-title-heading title-heading-left\" style=\"margin:0;font-size:1em;text-transform:var(--awb-typography1-text-transform);line-height:1.2;\">Technical Diagnosis<\/h3><\/div><div class=\"fusion-text fusion-text-2 fusion-text-no-margin\" style=\"--awb-text-color:#091b18;--awb-margin-bottom:10px;\"><p>Cistern repair requires a technical diagnosis to determine the root cause of the problem. Plumbing professionals use techniques such as pressure testing, visual inspection, and internal mechanism analysis to accurately identify problem areas. This approach allows the problem to be addressed specifically and effectively.<\/p>\n<\/div><\/div><\/div><\/div><\/div><div class=\"fusion-fullwidth fullwidth-box fusion-builder-row-2 fusion-flex-container has-pattern-background has-mask-background fusion-parallax-none nonhundred-percent-fullwidth non-hundred-percent-height-scrolling lazyload fusion-animated\" style=\"--awb-border-sizes-top:0px;--awb-border-sizes-bottom:0px;--awb-border-sizes-left:0px;--awb-border-sizes-right:0px;--awb-border-radius-top-left:0px;--awb-border-radius-top-right:0px;--awb-border-radius-bottom-right:0px;--awb-border-radius-bottom-left:0px;--awb-padding-top:50px;--awb-padding-right:30px;--awb-padding-bottom:50px;--awb-padding-left:30px;--awb-padding-top-medium:110px;--awb-padding-bottom-medium:100px;--awb-margin-top:0px;--awb-margin-bottom:0px;--awb-margin-bottom-medium:80px;--awb-min-height:350px;--awb-background-image:linear-gradient(180deg, #00000040 48%,#00000040 100%);;--awb-background-size:cover;--awb-flex-wrap:wrap;\" data-bg=\"https:\/\/centelys.es\/wp-content\/uploads\/2024\/01\/Depositphotos_181623176_L.jpg\" data-bg-gradient=\"linear-gradient(180deg, #00000040 48%,#00000040 100%)\" data-animationType=\"fadeIn\" data-animationDuration=\"0.3\" data-animationOffset=\"top-into-view\" ><div class=\"fusion-builder-row fusion-row fusion-flex-align-items-flex-start fusion-flex-justify-content-center fusion-flex-content-wrap\" style=\"max-width:calc( 1400px + 80px );margin-left: calc(-80px \/ 2 );margin-right: calc(-80px \/ 2 );\"><div class=\"fusion-layout-column fusion_builder_column fusion-builder-column-2 fusion_builder_column_1_1 1_1 fusion-flex-column fusion-flex-align-self-center\" style=\"--awb-bg-size:cover;--awb-width-large:100%;--awb-margin-top-large:0px;--awb-spacing-right-large:40px;--awb-margin-bottom-large:20px;--awb-spacing-left-large:40px;--awb-width-medium:100%;--awb-order-medium:0;--awb-spacing-right-medium:40px;--awb-spacing-left-medium:40px;--awb-width-small:100%;--awb-order-small:0;--awb-spacing-right-small:40px;--awb-spacing-left-small:40px;\" data-motion-effects=\"[{&quot;type&quot;:&quot;&quot;,&quot;scroll_type&quot;:&quot;transition&quot;,&quot;scroll_direction&quot;:&quot;up&quot;,&quot;transition_speed&quot;:&quot;1&quot;,&quot;fade_type&quot;:&quot;in&quot;,&quot;scale_type&quot;:&quot;up&quot;,&quot;initial_scale&quot;:&quot;1&quot;,&quot;max_scale&quot;:&quot;1.5&quot;,&quot;min_scale&quot;:&quot;0.5&quot;,&quot;initial_rotate&quot;:&quot;0&quot;,&quot;end_rotate&quot;:&quot;30&quot;,&quot;initial_blur&quot;:&quot;0&quot;,&quot;end_blur&quot;:&quot;3&quot;,&quot;start_element&quot;:&quot;top&quot;,&quot;start_viewport&quot;:&quot;bottom&quot;,&quot;end_element&quot;:&quot;bottom&quot;,&quot;end_viewport&quot;:&quot;top&quot;,&quot;mouse_effect&quot;:&quot;track&quot;,&quot;mouse_effect_direction&quot;:&quot;opposite&quot;,&quot;mouse_effect_speed&quot;:&quot;2&quot;,&quot;infinite_animation&quot;:&quot;float&quot;,&quot;infinite_animation_speed&quot;:&quot;2&quot;}]\" data-scroll-devices=\"small-visibility,medium-visibility,large-visibility\"><div class=\"fusion-column-wrapper fusion-column-has-shadow fusion-flex-justify-content-center fusion-content-layout-column\"><div class=\"fusion-title title fusion-title-3 fusion-sep-none fusion-title-center fusion-title-text fusion-title-size-three\" style=\"--awb-text-color:#ffffff;\"><h3 class=\"fusion-title-heading title-heading-center\" style=\"margin:0;text-transform:capitalize;\">Performance Optimization<\/h3><\/div><div class=\"fusion-text fusion-text-3\" style=\"--awb-content-alignment:center;--awb-text-color:#ffffff;\"><p>Cistern repair is not just about fixing immediate problems, but also optimizing long-term performance.<\/p>\n<\/div><\/div><\/div><\/div><\/div><div class=\"fusion-fullwidth fullwidth-box fusion-builder-row-3 fusion-flex-container has-pattern-background has-mask-background nonhundred-percent-fullwidth non-hundred-percent-height-scrolling\" style=\"--link_hover_color: #278b77;--link_color: #278b77;--awb-background-position:right top;--awb-background-blend-mode:overlay;--awb-border-color:#ffffff;--awb-border-radius-top-left:0px;--awb-border-radius-top-right:0px;--awb-border-radius-bottom-right:0px;--awb-border-radius-bottom-left:0px;--awb-padding-top:0px;--awb-padding-bottom:50px;--awb-padding-top-medium:0px;--awb-padding-bottom-medium:90px;--awb-padding-top-small:0px;--awb-padding-bottom-small:80px;--awb-margin-top:60px;--awb-margin-bottom-medium:0px;--awb-background-color:#ffffff;--awb-flex-wrap:wrap;\" ><div class=\"fusion-builder-row fusion-row fusion-flex-align-items-center fusion-flex-content-wrap\" style=\"max-width:calc( 1400px + 80px );margin-left: calc(-80px \/ 2 );margin-right: calc(-80px \/ 2 );\"><div class=\"fusion-layout-column fusion_builder_column fusion-builder-column-3 fusion-flex-column fusion-animated\" style=\"--awb-padding-bottom-medium:0px;--awb-bg-size:cover;--awb-width-large:48%;--awb-margin-top-large:0px;--awb-spacing-right-large:55px;--awb-margin-bottom-large:0px;--awb-spacing-left-large:40px;--awb-width-medium:50%;--awb-order-medium:0;--awb-spacing-right-medium:55px;--awb-spacing-left-medium:20px;--awb-width-small:100%;--awb-order-small:1;--awb-spacing-right-small:55px;--awb-spacing-left-small:20px;\" data-animationType=\"fadeInLeft\" data-animationDuration=\"1.3\" data-animationOffset=\"top-into-view\"><div class=\"fusion-column-wrapper fusion-column-has-shadow fusion-flex-justify-content-flex-start fusion-content-layout-column\"><div class=\"fusion-title title fusion-title-4 fusion-no-small-visibility fusion-no-medium-visibility fusion-sep-none fusion-title-text fusion-title-size-three\" style=\"--awb-text-color:#091b18;--awb-margin-bottom:30px;--awb-sep-color:#d1d1d1;--awb-font-size:50px;\"><h3 class=\"fusion-title-heading title-heading-left\" style=\"margin:0;font-size:1em;text-transform:var(--awb-typography1-text-transform);line-height:1.2;\">Replacing Damaged Components<\/h3><\/div><div class=\"fusion-text fusion-text-4 fusion-text-no-margin\" style=\"--awb-text-color:#091b18;--awb-margin-bottom:10px;\"><p>Once problems are identified, cistern repair often involves replacing damaged components. Fill valves, flush mechanisms and gaskets are common items that may require repair or replacement. Using quality parts is crucial to ensuring a long-lasting repair.<\/p>\n<\/div><div class=\"fusion-separator fusion-full-width-sep\" style=\"align-self: center;margin-left: auto;margin-right: auto;margin-top:30px;margin-bottom:40px;width:100%;\"><div class=\"fusion-separator-border sep-single sep-solid\" style=\"--awb-height:20px;--awb-amount:20px;border-color:var(--awb-color3);border-top-width:1px;\"><\/div><\/div><div class=\"fusion-title title fusion-title-5 fusion-no-small-visibility fusion-no-medium-visibility fusion-sep-none fusion-title-text fusion-title-size-three\" style=\"--awb-text-color:#091b18;--awb-margin-bottom:30px;--awb-sep-color:#d1d1d1;--awb-font-size:50px;\"><h3 class=\"fusion-title-heading title-heading-left\" style=\"margin:0;font-size:1em;text-transform:var(--awb-typography1-text-transform);line-height:1.2;\">Sealing and Adjustment<\/h3><\/div><div class=\"fusion-text fusion-text-5 fusion-text-no-margin\" style=\"--awb-text-color:#091b18;--awb-margin-bottom:10px;\"><p>Proper sealing and precise adjustments are essential in cistern repair. Leaks can be caused by worn or poorly fitting gaskets. Professionals are responsible for applying quality seals and making precise adjustments to ensure that the cistern operates efficiently and without water loss.<\/p>\n<\/div><\/div><\/div><div class=\"fusion-layout-column fusion_builder_column fusion-builder-column-4 fusion-flex-column fusion-flex-align-self-stretch fusion-animated\" style=\"--awb-bg-position:center center;--awb-bg-size:cover;--awb-width-large:52%;--awb-margin-top-large:0px;--awb-spacing-right-large:40px;--awb-margin-bottom-large:0px;--awb-spacing-left-large:72px;--awb-width-medium:50%;--awb-order-medium:0;--awb-spacing-right-medium:70px;--awb-spacing-left-medium:72px;--awb-width-small:100%;--awb-order-small:0;--awb-spacing-right-small:40px;--awb-spacing-left-small:40px;\" data-animationType=\"fadeInUp\" data-animationDuration=\"0.8\" data-animationOffset=\"top-into-view\" data-motion-effects=\"[{&quot;type&quot;:&quot;&quot;,&quot;scroll_type&quot;:&quot;transition&quot;,&quot;scroll_direction&quot;:&quot;up&quot;,&quot;transition_speed&quot;:&quot;1&quot;,&quot;fade_type&quot;:&quot;in&quot;,&quot;scale_type&quot;:&quot;up&quot;,&quot;initial_scale&quot;:&quot;1&quot;,&quot;max_scale&quot;:&quot;1.5&quot;,&quot;min_scale&quot;:&quot;0.5&quot;,&quot;initial_rotate&quot;:&quot;0&quot;,&quot;end_rotate&quot;:&quot;30&quot;,&quot;initial_blur&quot;:&quot;0&quot;,&quot;end_blur&quot;:&quot;3&quot;,&quot;start_element&quot;:&quot;top&quot;,&quot;start_viewport&quot;:&quot;bottom&quot;,&quot;end_element&quot;:&quot;bottom&quot;,&quot;end_viewport&quot;:&quot;top&quot;,&quot;mouse_effect&quot;:&quot;track&quot;,&quot;mouse_effect_direction&quot;:&quot;opposite&quot;,&quot;mouse_effect_speed&quot;:&quot;2&quot;,&quot;infinite_animation&quot;:&quot;float&quot;,&quot;infinite_animation_speed&quot;:&quot;2&quot;}]\" data-scroll-devices=\"small-visibility,medium-visibility,large-visibility\"><div class=\"fusion-column-wrapper lazyload fusion-column-has-shadow fusion-flex-justify-content-center fusion-content-layout-column fusion-empty-column-bg-image fusion-column-has-bg-image\" data-bg-url=\"https:\/\/centelys.es\/wp-content\/uploads\/2024\/01\/Depositphotos_53616481_L.jpg\" data-bg=\"https:\/\/centelys.es\/wp-content\/uploads\/2024\/01\/Depositphotos_53616481_L.jpg\"><img decoding=\"async\" class=\"fusion-empty-dims-img-placeholder\" src=\"data:image\/svg+xml,%3Csvg%20xmlns%3D%27http%3A%2F%2Fwww.w3.org%2F2000%2Fsvg%27%20width%3D%272000%27%20height%3D%271333%27%20viewBox%3D%270%200%202000%201333%27%3E%3Crect%20width%3D%272000%27%20height%3D%271333%27%20fill-opacity%3D%220%22%2F%3E%3C%2Fsvg%3E\"><\/div><\/div><\/div><\/div><\/p>\n","protected":false},"excerpt":{"rendered":"","protected":false},"author":1,"featured_media":20228,"parent":20345,"menu_order":0,"comment_status":"closed","ping_status":"closed","template":"100-width.php","meta":{"footnotes":""},"class_list":["post-20289","page","type-page","status-publish","has-post-thumbnail","hentry"],"yoast_head":"<!-- This site is optimized with the Yoast SEO plugin v21.8.1 - https:\/\/yoast.com\/wordpress\/plugins\/seo\/ -->\n<title>Centelys: Especialistas en Reparaci\u00f3n de Cisternas para un Hogar Eficiente<\/title>\n<meta name=\"description\" content=\"Conf\u00eda en Centelys para la reparaci\u00f3n de cisternas. Nuestros expertos en limpieza y mantenimiento garantizan soluciones eficientes.\" \/>\n<meta name=\"robots\" content=\"index, follow, max-snippet:-1, max-image-preview:large, max-video-preview:-1\" \/>\n<link rel=\"canonical\" href=\"https:\/\/centelys.es\/en\/servicios\/fontaneria\/reparacion-de-cisternas\/\" \/>\n<meta property=\"og:locale\" content=\"en_US\" \/>\n<meta property=\"og:type\" content=\"article\" \/>\n<meta property=\"og:title\" content=\"Centelys: Especialistas en Reparaci\u00f3n de Cisternas para un Hogar Eficiente\" \/>\n<meta property=\"og:description\" content=\"Conf\u00eda en Centelys para la reparaci\u00f3n de cisternas. Nuestros expertos en limpieza y mantenimiento garantizan soluciones eficientes.\" \/>\n<meta property=\"og:url\" content=\"https:\/\/centelys.es\/en\/servicios\/fontaneria\/reparacion-de-cisternas\/\" \/>\n<meta property=\"og:site_name\" content=\"Centelys servicios de limpieza y mantenimiento\" \/>\n<meta property=\"article:modified_time\" content=\"2024-02-19T11:42:22+00:00\" \/>\n<meta property=\"og:image\" content=\"https:\/\/centelys.es\/wp-content\/uploads\/2024\/01\/Depositphotos_14097105_L.jpg\" \/>\n\t<meta property=\"og:image:width\" content=\"2000\" \/>\n\t<meta property=\"og:image:height\" content=\"1333\" \/>\n\t<meta property=\"og:image:type\" content=\"image\/jpeg\" \/>\n<meta name=\"twitter:card\" content=\"summary_large_image\" \/>\n<meta name=\"twitter:label1\" content=\"Est. reading time\" \/>\n\t<meta name=\"twitter:data1\" content=\"2 minutes\" \/>\n<!-- \/ Yoast SEO plugin. -->","yoast_head_json":{"title":"Centelys: Especialistas en Reparaci\u00f3n de Cisternas para un Hogar Eficiente","description":"Conf\u00eda en Centelys para la reparaci\u00f3n de cisternas. Nuestros expertos en limpieza y mantenimiento garantizan soluciones eficientes.","robots":{"index":"index","follow":"follow","max-snippet":"max-snippet:-1","max-image-preview":"max-image-preview:large","max-video-preview":"max-video-preview:-1"},"canonical":"https:\/\/centelys.es\/en\/servicios\/fontaneria\/reparacion-de-cisternas\/","og_locale":"en_US","og_type":"article","og_title":"Centelys: Especialistas en Reparaci\u00f3n de Cisternas para un Hogar Eficiente","og_description":"Conf\u00eda en Centelys para la reparaci\u00f3n de cisternas. Nuestros expertos en limpieza y mantenimiento garantizan soluciones eficientes.","og_url":"https:\/\/centelys.es\/en\/servicios\/fontaneria\/reparacion-de-cisternas\/","og_site_name":"Centelys servicios de limpieza y mantenimiento","article_modified_time":"2024-02-19T11:42:22+00:00","og_image":[{"width":2000,"height":1333,"url":"https:\/\/centelys.es\/wp-content\/uploads\/2024\/01\/Depositphotos_14097105_L.jpg","type":"image\/jpeg"}],"twitter_card":"summary_large_image","twitter_misc":{"Est. reading time":"2 minutes"},"schema":{"@context":"https:\/\/schema.org","@graph":[{"@type":"WebPage","@id":"https:\/\/centelys.es\/en\/servicios\/fontaneria\/reparacion-de-cisternas\/","url":"https:\/\/centelys.es\/en\/servicios\/fontaneria\/reparacion-de-cisternas\/","name":"Centelys: Especialistas en Reparaci\u00f3n de Cisternas para un Hogar Eficiente","isPartOf":{"@id":"https:\/\/centelys.es\/en\/#website"},"datePublished":"2023-12-05T14:02:16+00:00","dateModified":"2024-02-19T11:42:22+00:00","description":"Conf\u00eda en Centelys para la reparaci\u00f3n de cisternas. Nuestros expertos en limpieza y mantenimiento garantizan soluciones eficientes.","breadcrumb":{"@id":"https:\/\/centelys.es\/en\/servicios\/fontaneria\/reparacion-de-cisternas\/#breadcrumb"},"inLanguage":"en-US","potentialAction":[{"@type":"ReadAction","target":["https:\/\/centelys.es\/en\/servicios\/fontaneria\/reparacion-de-cisternas\/"]}]},{"@type":"BreadcrumbList","@id":"https:\/\/centelys.es\/en\/servicios\/fontaneria\/reparacion-de-cisternas\/#breadcrumb","itemListElement":[{"@type":"ListItem","position":1,"name":"Portada","item":"https:\/\/centelys.es\/en\/"},{"@type":"ListItem","position":2,"name":"Services","item":"https:\/\/centelys.es\/en\/servicios\/"},{"@type":"ListItem","position":3,"name":"PLUMBING","item":"https:\/\/centelys.es\/en\/servicios\/fontaneria\/"},{"@type":"ListItem","position":4,"name":"Cistern repair"}]},{"@type":"WebSite","@id":"https:\/\/centelys.es\/en\/#website","url":"https:\/\/centelys.es\/en\/","name":"Centelys servicios de limpieza y mantenimiento","description":"Mantenimiento de oficinas, naves, jardines y piscinas en Valencia y Alicante","potentialAction":[{"@type":"SearchAction","target":{"@type":"EntryPoint","urlTemplate":"https:\/\/centelys.es\/en\/?s={search_term_string}"},"query-input":"required name=search_term_string"}],"inLanguage":"en-US"},{"@type":"ImageObject","inLanguage":"en-US","@id":"https:\/\/centelys.es\/en\/servicios\/fontaneria\/reparacion-de-cisternas\/#local-main-organization-logo","url":"","contentUrl":"","caption":"Centelys servicios de limpieza y mantenimiento"}]}},"_links":{"self":[{"href":"https:\/\/centelys.es\/en\/wp-json\/wp\/v2\/pages\/20289","targetHints":{"allow":["GET"]}}],"collection":[{"href":"https:\/\/centelys.es\/en\/wp-json\/wp\/v2\/pages"}],"about":[{"href":"https:\/\/centelys.es\/en\/wp-json\/wp\/v2\/types\/page"}],"author":[{"embeddable":true,"href":"https:\/\/centelys.es\/en\/wp-json\/wp\/v2\/users\/1"}],"replies":[{"embeddable":true,"href":"https:\/\/centelys.es\/en\/wp-json\/wp\/v2\/comments?post=20289"}],"version-history":[{"count":0,"href":"https:\/\/centelys.es\/en\/wp-json\/wp\/v2\/pages\/20289\/revisions"}],"up":[{"embeddable":true,"href":"https:\/\/centelys.es\/en\/wp-json\/wp\/v2\/pages\/20345"}],"wp:featuredmedia":[{"embeddable":true,"href":"https:\/\/centelys.es\/en\/wp-json\/wp\/v2\/media\/20228"}],"wp:attachment":[{"href":"https:\/\/centelys.es\/en\/wp-json\/wp\/v2\/media?parent=20289"}],"curies":[{"name":"wp","href":"https:\/\/api.w.org\/{rel}","templated":true}]}}