{"id":20354,"date":"2023-12-05T15:02:11","date_gmt":"2023-12-05T14:02:11","guid":{"rendered":"https:\/\/centelys.es\/tratamiento-de-suelos\/pulido-y-abrillantado-de-suelos-hormigon\/"},"modified":"2024-02-19T11:03:42","modified_gmt":"2024-02-19T10:03:42","slug":"pulido-y-abrillantado-de-suelos-hormigon","status":"publish","type":"page","link":"https:\/\/centelys.es\/en\/servicios\/limpieza\/tratamiento-de-suelos\/pulido-y-abrillantado-de-suelos-hormigon\/","title":{"rendered":"Polishing and brightening of concrete floors."},"content":{"rendered":"<p><div class=\"fusion-fullwidth fullwidth-box fusion-builder-row-1 fusion-flex-container has-pattern-background has-mask-background nonhundred-percent-fullwidth non-hundred-percent-height-scrolling\" style=\"--link_hover_color: #278b77;--link_color: #278b77;--awb-background-position:right top;--awb-background-blend-mode:overlay;--awb-border-color:#ffffff;--awb-border-radius-top-left:0px;--awb-border-radius-top-right:0px;--awb-border-radius-bottom-right:0px;--awb-border-radius-bottom-left:0px;--awb-padding-top:120px;--awb-padding-bottom:120px;--awb-padding-top-medium:90px;--awb-padding-bottom-medium:90px;--awb-padding-top-small:80px;--awb-padding-bottom-small:80px;--awb-margin-bottom-medium:0px;--awb-background-color:#ffffff;--awb-flex-wrap:wrap;\" id=\"who\" ><div class=\"fusion-builder-row fusion-row fusion-flex-align-items-center fusion-flex-content-wrap\" style=\"max-width:calc( 1400px + 80px );margin-left: calc(-80px \/ 2 );margin-right: calc(-80px \/ 2 );\"><div class=\"fusion-layout-column fusion_builder_column fusion-builder-column-0 fusion-flex-column fusion-flex-align-self-stretch fusion-animated\" style=\"--awb-bg-position:center center;--awb-bg-size:cover;--awb-width-large:52%;--awb-margin-top-large:0px;--awb-spacing-right-large:72px;--awb-margin-bottom-large:0px;--awb-spacing-left-large:40px;--awb-width-medium:50%;--awb-order-medium:0;--awb-spacing-right-medium:70px;--awb-spacing-left-medium:40px;--awb-width-small:100%;--awb-order-small:0;--awb-spacing-right-small:40px;--awb-spacing-left-small:40px;\" data-animationType=\"fadeInUp\" data-animationDuration=\"0.8\" data-animationOffset=\"top-into-view\" data-motion-effects=\"[{&quot;type&quot;:&quot;&quot;,&quot;scroll_type&quot;:&quot;transition&quot;,&quot;scroll_direction&quot;:&quot;up&quot;,&quot;transition_speed&quot;:&quot;1&quot;,&quot;fade_type&quot;:&quot;in&quot;,&quot;scale_type&quot;:&quot;up&quot;,&quot;initial_scale&quot;:&quot;1&quot;,&quot;max_scale&quot;:&quot;1.5&quot;,&quot;min_scale&quot;:&quot;0.5&quot;,&quot;initial_rotate&quot;:&quot;0&quot;,&quot;end_rotate&quot;:&quot;30&quot;,&quot;initial_blur&quot;:&quot;0&quot;,&quot;end_blur&quot;:&quot;3&quot;,&quot;start_element&quot;:&quot;top&quot;,&quot;start_viewport&quot;:&quot;bottom&quot;,&quot;end_element&quot;:&quot;bottom&quot;,&quot;end_viewport&quot;:&quot;top&quot;,&quot;mouse_effect&quot;:&quot;track&quot;,&quot;mouse_effect_direction&quot;:&quot;opposite&quot;,&quot;mouse_effect_speed&quot;:&quot;2&quot;,&quot;infinite_animation&quot;:&quot;float&quot;,&quot;infinite_animation_speed&quot;:&quot;2&quot;}]\" data-scroll-devices=\"small-visibility,medium-visibility,large-visibility\"><div class=\"fusion-column-wrapper lazyload fusion-column-has-shadow fusion-flex-justify-content-center fusion-content-layout-column fusion-empty-column-bg-image fusion-column-has-bg-image\" data-bg-url=\"https:\/\/centelys.es\/wp-content\/uploads\/2024\/01\/DALL\u00b7E-2024-01-16-12.11.17-Before-and-after-comparison-of-a-concrete-floor_-the-left-side-of-the-image-shows-a-dull-untreated-concrete-surface-while-the-right-side-shows-the-s.png\" data-bg=\"https:\/\/centelys.es\/wp-content\/uploads\/2024\/01\/DALL\u00b7E-2024-01-16-12.11.17-Before-and-after-comparison-of-a-concrete-floor_-the-left-side-of-the-image-shows-a-dull-untreated-concrete-surface-while-the-right-side-shows-the-s.png\"><img decoding=\"async\" class=\"fusion-empty-dims-img-placeholder\" src=\"data:image\/svg+xml,%3Csvg%20xmlns%3D%27http%3A%2F%2Fwww.w3.org%2F2000%2Fsvg%27%20width%3D%271024%27%20height%3D%271024%27%20viewBox%3D%270%200%201024%201024%27%3E%3Crect%20width%3D%271024%27%20height%3D%271024%27%20fill-opacity%3D%220%22%2F%3E%3C%2Fsvg%3E\"><\/div><\/div><div class=\"fusion-layout-column fusion_builder_column fusion-builder-column-1 fusion-flex-column fusion-animated\" style=\"--awb-padding-bottom-medium:0px;--awb-bg-size:cover;--awb-width-large:48%;--awb-margin-top-large:0px;--awb-spacing-right-large:40px;--awb-margin-bottom-large:0px;--awb-spacing-left-large:55px;--awb-width-medium:50%;--awb-order-medium:0;--awb-spacing-right-medium:40px;--awb-spacing-left-medium:20px;--awb-width-small:100%;--awb-order-small:0;--awb-spacing-right-small:40px;--awb-spacing-left-small:20px;\" data-animationType=\"fadeInRight\" data-animationDuration=\"1.3\" data-animationOffset=\"top-into-view\"><div class=\"fusion-column-wrapper fusion-column-has-shadow fusion-flex-justify-content-flex-start fusion-content-layout-column\"><div class=\"fusion-title title fusion-title-1 fusion-no-small-visibility fusion-no-medium-visibility fusion-sep-none fusion-title-text fusion-title-size-three\" style=\"--awb-text-color:#091b18;--awb-margin-bottom:30px;--awb-sep-color:#d1d1d1;--awb-font-size:50px;\"><h3 class=\"fusion-title-heading title-heading-left\" style=\"margin:0;font-size:1em;text-transform:var(--awb-typography1-text-transform);line-height:1.2;\">What is Polishing and Brightening of Concrete Floors?<\/h3><\/div><div class=\"fusion-text fusion-text-1 fusion-text-no-margin\" style=\"--awb-text-color:#091b18;--awb-margin-bottom:10px;\"><p>Concrete floor polishing involves the use of specialized machinery to smooth and level the concrete surface. This process eliminates irregularities, preparing the floor for polishing. Buffing, on the other hand, is the final process where a sealer or wax is applied, giving the floor a shiny and attractive finish.<\/p>\n<p>Benefits of Concrete Polishing and Brightening:<\/p>\n<\/div><div class=\"fusion-separator fusion-full-width-sep\" style=\"align-self: center;margin-left: auto;margin-right: auto;margin-top:30px;margin-bottom:10px;width:100%;\"><div class=\"fusion-separator-border sep-single sep-solid\" style=\"--awb-height:20px;--awb-amount:20px;border-color:var(--awb-color3);border-top-width:1px;\"><\/div><\/div><ul style=\"--awb-item-padding-top:20px;--awb-item-padding-right:60px;--awb-item-padding-left:0px;--awb-textcolor:#091b18;--awb-line-height:27.2px;--awb-icon-width:27.2px;--awb-icon-height:27.2px;--awb-icon-margin:11.2px;--awb-content-margin:38.4px;\" class=\"fusion-checklist fusion-checklist-1 type-icons\"><li class=\"fusion-li-item\" style=\"\"><span class=\"icon-wrapper circle-no\"><i class=\"fusion-li-icon fa-check fas\" aria-hidden=\"true\"><\/i><\/span><div class=\"fusion-li-item-content\"><strong>Improved Durability:<\/strong> The polishing process strengthens the surface, making it more resistant to wear, stains and scratches.<\/div><\/li><li class=\"fusion-li-item\" style=\"\"><span class=\"icon-wrapper circle-no\"><i class=\"fusion-li-icon fa-check fas\" aria-hidden=\"true\"><\/i><\/span><div class=\"fusion-li-item-content\">\n<p><strong>Ease of Maintenance:<\/strong> Polished and polished floors are easy to clean, requiring only regular sweeping and mopping.<\/p>\n<\/div><\/li><li class=\"fusion-li-item\" style=\"\"><span class=\"icon-wrapper circle-no\"><i class=\"fusion-li-icon fa-check fas\" aria-hidden=\"true\"><\/i><\/span><div class=\"fusion-li-item-content\"><strong>Improved Aesthetics:<\/strong> The glossy, professional finish improves the overall appearance of the space.<\/div><\/li><li class=\"fusion-li-item\" style=\"\"><span class=\"icon-wrapper circle-no\"><i class=\"fusion-li-icon fa-check fas\" aria-hidden=\"true\"><\/i><\/span><div class=\"fusion-li-item-content\">\n<p><strong>Sustainability:<\/strong>Concrete polishing uses existing materials, reducing the need for<\/p>\n<\/div><\/li><\/ul><\/div><\/div><\/div><\/div><div class=\"fusion-fullwidth fullwidth-box fusion-builder-row-2 fusion-flex-container has-pattern-background has-mask-background fusion-parallax-none nonhundred-percent-fullwidth non-hundred-percent-height-scrolling lazyload fusion-animated\" style=\"--awb-border-sizes-top:0px;--awb-border-sizes-bottom:0px;--awb-border-sizes-left:0px;--awb-border-sizes-right:0px;--awb-border-radius-top-left:0px;--awb-border-radius-top-right:0px;--awb-border-radius-bottom-right:0px;--awb-border-radius-bottom-left:0px;--awb-padding-top:50px;--awb-padding-right:30px;--awb-padding-bottom:50px;--awb-padding-left:30px;--awb-padding-top-medium:110px;--awb-padding-bottom-medium:100px;--awb-margin-top:0px;--awb-margin-bottom:0px;--awb-margin-bottom-medium:80px;--awb-min-height:350px;--awb-background-image:linear-gradient(180deg, #00000040 48%,#00000040 100%);;--awb-background-size:cover;--awb-flex-wrap:wrap;\" data-bg=\"https:\/\/centelys.es\/wp-content\/uploads\/2024\/01\/DALL\u00b7E-2024-01-16-12.11.51-A-professional-and-shiny-polished-concrete-floor-in-a-modern-home-interior-showcasing-a-sleek-and-reflective-surface-with-a-minimalist-design.-The-ro.png\" data-bg-gradient=\"linear-gradient(180deg, #00000040 48%,#00000040 100%)\" data-animationType=\"fadeIn\" data-animationDuration=\"0.3\" data-animationOffset=\"top-into-view\" ><div class=\"fusion-builder-row fusion-row fusion-flex-align-items-flex-start fusion-flex-justify-content-center fusion-flex-content-wrap\" style=\"max-width:calc( 1400px + 80px );margin-left: calc(-80px \/ 2 );margin-right: calc(-80px \/ 2 );\"><div class=\"fusion-layout-column fusion_builder_column fusion-builder-column-2 fusion_builder_column_1_1 1_1 fusion-flex-column fusion-flex-align-self-center\" style=\"--awb-bg-size:cover;--awb-width-large:100%;--awb-margin-top-large:0px;--awb-spacing-right-large:40px;--awb-margin-bottom-large:20px;--awb-spacing-left-large:40px;--awb-width-medium:100%;--awb-order-medium:0;--awb-spacing-right-medium:40px;--awb-spacing-left-medium:40px;--awb-width-small:100%;--awb-order-small:0;--awb-spacing-right-small:40px;--awb-spacing-left-small:40px;\" data-motion-effects=\"[{&quot;type&quot;:&quot;&quot;,&quot;scroll_type&quot;:&quot;transition&quot;,&quot;scroll_direction&quot;:&quot;up&quot;,&quot;transition_speed&quot;:&quot;1&quot;,&quot;fade_type&quot;:&quot;in&quot;,&quot;scale_type&quot;:&quot;up&quot;,&quot;initial_scale&quot;:&quot;1&quot;,&quot;max_scale&quot;:&quot;1.5&quot;,&quot;min_scale&quot;:&quot;0.5&quot;,&quot;initial_rotate&quot;:&quot;0&quot;,&quot;end_rotate&quot;:&quot;30&quot;,&quot;initial_blur&quot;:&quot;0&quot;,&quot;end_blur&quot;:&quot;3&quot;,&quot;start_element&quot;:&quot;top&quot;,&quot;start_viewport&quot;:&quot;bottom&quot;,&quot;end_element&quot;:&quot;bottom&quot;,&quot;end_viewport&quot;:&quot;top&quot;,&quot;mouse_effect&quot;:&quot;track&quot;,&quot;mouse_effect_direction&quot;:&quot;opposite&quot;,&quot;mouse_effect_speed&quot;:&quot;2&quot;,&quot;infinite_animation&quot;:&quot;float&quot;,&quot;infinite_animation_speed&quot;:&quot;2&quot;}]\" data-scroll-devices=\"small-visibility,medium-visibility,large-visibility\"><div class=\"fusion-column-wrapper fusion-column-has-shadow fusion-flex-justify-content-center fusion-content-layout-column\"><div class=\"fusion-title title fusion-title-2 fusion-sep-none fusion-title-center fusion-title-text fusion-title-size-three\" style=\"--awb-text-color:#ffffff;\"><h3 class=\"fusion-title-heading title-heading-center\" style=\"margin:0;text-transform:capitalize;\">The Polishing and Brightening Process<\/h3><\/div><div class=\"fusion-text fusion-text-2\" style=\"--awb-content-alignment:center;--awb-text-color:#ffffff;\"><p>The process begins with ground preparation, which may include repairing cracks and leveling the surface. Then, specialized machinery is used to polish the floor in several stages, using discs of different grain sizes.<\/p>\n<\/div><\/div><\/div><\/div><\/div><div class=\"fusion-fullwidth fullwidth-box fusion-builder-row-3 fusion-flex-container has-pattern-background has-mask-background nonhundred-percent-fullwidth non-hundred-percent-height-scrolling\" style=\"--link_hover_color: #278b77;--link_color: #278b77;--awb-background-position:right top;--awb-background-blend-mode:overlay;--awb-border-color:#ffffff;--awb-border-radius-top-left:0px;--awb-border-radius-top-right:0px;--awb-border-radius-bottom-right:0px;--awb-border-radius-bottom-left:0px;--awb-padding-top:0px;--awb-padding-bottom:50px;--awb-padding-top-medium:0px;--awb-padding-bottom-medium:90px;--awb-padding-top-small:0px;--awb-padding-bottom-small:80px;--awb-margin-top:60px;--awb-margin-bottom-medium:0px;--awb-background-color:#ffffff;--awb-flex-wrap:wrap;\" ><div class=\"fusion-builder-row fusion-row fusion-flex-align-items-center fusion-flex-content-wrap\" style=\"max-width:calc( 1400px + 80px );margin-left: calc(-80px \/ 2 );margin-right: calc(-80px \/ 2 );\"><div class=\"fusion-layout-column fusion_builder_column fusion-builder-column-3 fusion-flex-column fusion-animated\" style=\"--awb-padding-bottom-medium:0px;--awb-bg-size:cover;--awb-width-large:48%;--awb-margin-top-large:0px;--awb-spacing-right-large:55px;--awb-margin-bottom-large:0px;--awb-spacing-left-large:40px;--awb-width-medium:50%;--awb-order-medium:0;--awb-spacing-right-medium:55px;--awb-spacing-left-medium:20px;--awb-width-small:100%;--awb-order-small:1;--awb-spacing-right-small:55px;--awb-spacing-left-small:20px;\" data-animationType=\"fadeInLeft\" data-animationDuration=\"1.3\" data-animationOffset=\"top-into-view\"><div class=\"fusion-column-wrapper fusion-column-has-shadow fusion-flex-justify-content-flex-start fusion-content-layout-column\"><div class=\"fusion-title title fusion-title-3 fusion-no-small-visibility fusion-no-medium-visibility fusion-sep-none fusion-title-text fusion-title-size-three\" style=\"--awb-text-color:#091b18;--awb-margin-bottom:30px;--awb-sep-color:#d1d1d1;--awb-font-size:50px;\"><h3 class=\"fusion-title-heading title-heading-left\" style=\"margin:0;font-size:1em;text-transform:var(--awb-typography1-text-transform);line-height:1.2;\">Applications of Concrete Polishing and Brightening<\/h3><\/div><div class=\"fusion-text fusion-text-3 fusion-text-no-margin\" style=\"--awb-text-color:#091b18;--awb-margin-bottom:10px;\"><p>This technique is ideal for a variety of spaces, including:<\/p>\n<\/div><div class=\"fusion-separator fusion-full-width-sep\" style=\"align-self: center;margin-left: auto;margin-right: auto;margin-top:30px;margin-bottom:40px;width:100%;\"><div class=\"fusion-separator-border sep-single sep-solid\" style=\"--awb-height:20px;--awb-amount:20px;border-color:var(--awb-color3);border-top-width:1px;\"><\/div><\/div><ul style=\"--awb-item-padding-top:20px;--awb-item-padding-right:60px;--awb-item-padding-left:0px;--awb-textcolor:#091b18;--awb-line-height:27.2px;--awb-icon-width:27.2px;--awb-icon-height:27.2px;--awb-icon-margin:11.2px;--awb-content-margin:38.4px;\" class=\"fusion-checklist fusion-checklist-2 type-icons\"><li class=\"fusion-li-item\" style=\"\"><span class=\"icon-wrapper circle-no\"><i class=\"fusion-li-icon fa-check fas\" aria-hidden=\"true\"><\/i><\/span><div class=\"fusion-li-item-content\"><strong>Homes:<\/strong> For a modern and minimalist look.<\/div><\/li><li class=\"fusion-li-item\" style=\"\"><span class=\"icon-wrapper circle-no\"><i class=\"fusion-li-icon fa-check fas\" aria-hidden=\"true\"><\/i><\/span><div class=\"fusion-li-item-content\"><strong>Shops:<\/strong> Shops and showrooms benefit from eye-catching and easy-to-maintain floors.<\/div><\/li><li class=\"fusion-li-item\" style=\"\"><span class=\"icon-wrapper circle-no\"><i class=\"fusion-li-icon fa-check fas\" aria-hidden=\"true\"><\/i><\/span><div class=\"fusion-li-item-content\"><strong>Industry:<\/strong> Factories and warehouses require durable and resistant floors.<\/div><\/li><li class=\"fusion-li-item\" style=\"\"><span class=\"icon-wrapper circle-no\"><i class=\"fusion-li-icon fa-check fas\" aria-hidden=\"true\"><\/i><\/span><div class=\"fusion-li-item-content\"><strong>Exteriors:<\/strong> Terraces and patios can be transformed with adequate polishing.<\/div><\/li><\/ul><\/div><\/div><div class=\"fusion-layout-column fusion_builder_column fusion-builder-column-4 fusion-flex-column fusion-flex-align-self-stretch fusion-animated\" style=\"--awb-bg-position:center center;--awb-bg-size:cover;--awb-width-large:52%;--awb-margin-top-large:0px;--awb-spacing-right-large:40px;--awb-margin-bottom-large:0px;--awb-spacing-left-large:72px;--awb-width-medium:50%;--awb-order-medium:0;--awb-spacing-right-medium:70px;--awb-spacing-left-medium:72px;--awb-width-small:100%;--awb-order-small:0;--awb-spacing-right-small:40px;--awb-spacing-left-small:40px;\" data-animationType=\"fadeInUp\" data-animationDuration=\"0.8\" data-animationOffset=\"top-into-view\" data-motion-effects=\"[{&quot;type&quot;:&quot;&quot;,&quot;scroll_type&quot;:&quot;transition&quot;,&quot;scroll_direction&quot;:&quot;up&quot;,&quot;transition_speed&quot;:&quot;1&quot;,&quot;fade_type&quot;:&quot;in&quot;,&quot;scale_type&quot;:&quot;up&quot;,&quot;initial_scale&quot;:&quot;1&quot;,&quot;max_scale&quot;:&quot;1.5&quot;,&quot;min_scale&quot;:&quot;0.5&quot;,&quot;initial_rotate&quot;:&quot;0&quot;,&quot;end_rotate&quot;:&quot;30&quot;,&quot;initial_blur&quot;:&quot;0&quot;,&quot;end_blur&quot;:&quot;3&quot;,&quot;start_element&quot;:&quot;top&quot;,&quot;start_viewport&quot;:&quot;bottom&quot;,&quot;end_element&quot;:&quot;bottom&quot;,&quot;end_viewport&quot;:&quot;top&quot;,&quot;mouse_effect&quot;:&quot;track&quot;,&quot;mouse_effect_direction&quot;:&quot;opposite&quot;,&quot;mouse_effect_speed&quot;:&quot;2&quot;,&quot;infinite_animation&quot;:&quot;float&quot;,&quot;infinite_animation_speed&quot;:&quot;2&quot;}]\" data-scroll-devices=\"small-visibility,medium-visibility,large-visibility\"><div class=\"fusion-column-wrapper lazyload fusion-column-has-shadow fusion-flex-justify-content-center fusion-content-layout-column fusion-empty-column-bg-image fusion-column-has-bg-image\" data-bg-url=\"https:\/\/centelys.es\/wp-content\/uploads\/2024\/01\/DALL\u00b7E-2024-01-16-12.36.11-A-cozy-living-room-with-a-polished-concrete-floor-showcasing-a-comfortable-and-stylish-setting.-The-image-should-depict-a-well-decorated-space-with-a.png\" data-bg=\"https:\/\/centelys.es\/wp-content\/uploads\/2024\/01\/DALL\u00b7E-2024-01-16-12.36.11-A-cozy-living-room-with-a-polished-concrete-floor-showcasing-a-comfortable-and-stylish-setting.-The-image-should-depict-a-well-decorated-space-with-a.png\"><img decoding=\"async\" class=\"fusion-empty-dims-img-placeholder\" src=\"data:image\/svg+xml,%3Csvg%20xmlns%3D%27http%3A%2F%2Fwww.w3.org%2F2000%2Fsvg%27%20width%3D%271024%27%20height%3D%271024%27%20viewBox%3D%270%200%201024%201024%27%3E%3Crect%20width%3D%271024%27%20height%3D%271024%27%20fill-opacity%3D%220%22%2F%3E%3C%2Fsvg%3E\"><\/div><\/div><\/div><\/div><\/p>\n","protected":false},"excerpt":{"rendered":"","protected":false},"author":1,"featured_media":20179,"parent":20342,"menu_order":0,"comment_status":"closed","ping_status":"closed","template":"100-width.php","meta":{"footnotes":""},"class_list":["post-20354","page","type-page","status-publish","has-post-thumbnail","hentry"],"yoast_head":"<!-- This site is optimized with the Yoast SEO plugin v21.8.1 - https:\/\/yoast.com\/wordpress\/plugins\/seo\/ -->\n<title>Centelys: Especialistas en Pulido y Abrillantado de Suelos de Hormig\u00f3n<\/title>\n<meta name=\"description\" content=\"Descubre en Centelys el arte del pulido y abrillantado de suelos de hormig\u00f3n. Transformamos tus espacios con t\u00e9cnicas innovadoras, garantizando limpieza.\" \/>\n<meta name=\"robots\" content=\"index, follow, max-snippet:-1, max-image-preview:large, max-video-preview:-1\" \/>\n<link rel=\"canonical\" href=\"https:\/\/centelys.es\/en\/servicios\/limpieza\/tratamiento-de-suelos\/pulido-y-abrillantado-de-suelos-hormigon\/\" \/>\n<meta property=\"og:locale\" content=\"en_US\" \/>\n<meta property=\"og:type\" content=\"article\" \/>\n<meta property=\"og:title\" content=\"Centelys: Especialistas en Pulido y Abrillantado de Suelos de Hormig\u00f3n\" \/>\n<meta property=\"og:description\" content=\"Descubre en Centelys el arte del pulido y abrillantado de suelos de hormig\u00f3n. Transformamos tus espacios con t\u00e9cnicas innovadoras, garantizando limpieza.\" \/>\n<meta property=\"og:url\" content=\"https:\/\/centelys.es\/en\/servicios\/limpieza\/tratamiento-de-suelos\/pulido-y-abrillantado-de-suelos-hormigon\/\" \/>\n<meta property=\"og:site_name\" content=\"Centelys servicios de limpieza y mantenimiento\" \/>\n<meta property=\"article:modified_time\" content=\"2024-02-19T10:03:42+00:00\" \/>\n<meta property=\"og:image\" content=\"https:\/\/centelys.es\/wp-content\/uploads\/2024\/01\/DALL\u00b7E-2024-01-18-11.36.20-Imagen-realista-de-un-profesional-realizando-el-pulido-y-abrillantado-de-un-suelo-de-hormigon-en-un-entorno-industrial.-La-fotografia-debe-mostrar-al-.png\" \/>\n\t<meta property=\"og:image:width\" content=\"1024\" \/>\n\t<meta property=\"og:image:height\" content=\"1024\" \/>\n\t<meta property=\"og:image:type\" content=\"image\/png\" \/>\n<meta name=\"twitter:card\" content=\"summary_large_image\" \/>\n<meta name=\"twitter:label1\" content=\"Est. reading time\" \/>\n\t<meta name=\"twitter:data1\" content=\"2 minutes\" \/>\n<!-- \/ Yoast SEO plugin. -->","yoast_head_json":{"title":"Centelys: Especialistas en Pulido y Abrillantado de Suelos de Hormig\u00f3n","description":"Descubre en Centelys el arte del pulido y abrillantado de suelos de hormig\u00f3n. Transformamos tus espacios con t\u00e9cnicas innovadoras, garantizando limpieza.","robots":{"index":"index","follow":"follow","max-snippet":"max-snippet:-1","max-image-preview":"max-image-preview:large","max-video-preview":"max-video-preview:-1"},"canonical":"https:\/\/centelys.es\/en\/servicios\/limpieza\/tratamiento-de-suelos\/pulido-y-abrillantado-de-suelos-hormigon\/","og_locale":"en_US","og_type":"article","og_title":"Centelys: Especialistas en Pulido y Abrillantado de Suelos de Hormig\u00f3n","og_description":"Descubre en Centelys el arte del pulido y abrillantado de suelos de hormig\u00f3n. Transformamos tus espacios con t\u00e9cnicas innovadoras, garantizando limpieza.","og_url":"https:\/\/centelys.es\/en\/servicios\/limpieza\/tratamiento-de-suelos\/pulido-y-abrillantado-de-suelos-hormigon\/","og_site_name":"Centelys servicios de limpieza y mantenimiento","article_modified_time":"2024-02-19T10:03:42+00:00","og_image":[{"width":1024,"height":1024,"url":"https:\/\/centelys.es\/wp-content\/uploads\/2024\/01\/DALL\u00b7E-2024-01-18-11.36.20-Imagen-realista-de-un-profesional-realizando-el-pulido-y-abrillantado-de-un-suelo-de-hormigon-en-un-entorno-industrial.-La-fotografia-debe-mostrar-al-.png","type":"image\/png"}],"twitter_card":"summary_large_image","twitter_misc":{"Est. reading time":"2 minutes"},"schema":{"@context":"https:\/\/schema.org","@graph":[{"@type":"WebPage","@id":"https:\/\/centelys.es\/en\/servicios\/limpieza\/tratamiento-de-suelos\/pulido-y-abrillantado-de-suelos-hormigon\/","url":"https:\/\/centelys.es\/en\/servicios\/limpieza\/tratamiento-de-suelos\/pulido-y-abrillantado-de-suelos-hormigon\/","name":"Centelys: Especialistas en Pulido y Abrillantado de Suelos de Hormig\u00f3n","isPartOf":{"@id":"https:\/\/centelys.es\/en\/#website"},"datePublished":"2023-12-05T14:02:11+00:00","dateModified":"2024-02-19T10:03:42+00:00","description":"Descubre en Centelys el arte del pulido y abrillantado de suelos de hormig\u00f3n. Transformamos tus espacios con t\u00e9cnicas innovadoras, garantizando limpieza.","breadcrumb":{"@id":"https:\/\/centelys.es\/en\/servicios\/limpieza\/tratamiento-de-suelos\/pulido-y-abrillantado-de-suelos-hormigon\/#breadcrumb"},"inLanguage":"en-US","potentialAction":[{"@type":"ReadAction","target":["https:\/\/centelys.es\/en\/servicios\/limpieza\/tratamiento-de-suelos\/pulido-y-abrillantado-de-suelos-hormigon\/"]}]},{"@type":"BreadcrumbList","@id":"https:\/\/centelys.es\/en\/servicios\/limpieza\/tratamiento-de-suelos\/pulido-y-abrillantado-de-suelos-hormigon\/#breadcrumb","itemListElement":[{"@type":"ListItem","position":1,"name":"Portada","item":"https:\/\/centelys.es\/en\/"},{"@type":"ListItem","position":2,"name":"Services","item":"https:\/\/centelys.es\/en\/servicios\/"},{"@type":"ListItem","position":3,"name":"CLEANING","item":"https:\/\/centelys.es\/en\/servicios\/limpieza\/"},{"@type":"ListItem","position":4,"name":"SOIL TREATMENT","item":"https:\/\/centelys.es\/en\/servicios\/limpieza\/tratamiento-de-suelos\/"},{"@type":"ListItem","position":5,"name":"Polishing and brightening of concrete floors."}]},{"@type":"WebSite","@id":"https:\/\/centelys.es\/en\/#website","url":"https:\/\/centelys.es\/en\/","name":"Centelys servicios de limpieza y mantenimiento","description":"Mantenimiento de oficinas, naves, jardines y piscinas en Valencia y Alicante","potentialAction":[{"@type":"SearchAction","target":{"@type":"EntryPoint","urlTemplate":"https:\/\/centelys.es\/en\/?s={search_term_string}"},"query-input":"required name=search_term_string"}],"inLanguage":"en-US"},{"@type":"ImageObject","inLanguage":"en-US","@id":"https:\/\/centelys.es\/en\/servicios\/limpieza\/tratamiento-de-suelos\/pulido-y-abrillantado-de-suelos-hormigon\/#local-main-organization-logo","url":"","contentUrl":"","caption":"Centelys servicios de limpieza y mantenimiento"}]}},"_links":{"self":[{"href":"https:\/\/centelys.es\/en\/wp-json\/wp\/v2\/pages\/20354","targetHints":{"allow":["GET"]}}],"collection":[{"href":"https:\/\/centelys.es\/en\/wp-json\/wp\/v2\/pages"}],"about":[{"href":"https:\/\/centelys.es\/en\/wp-json\/wp\/v2\/types\/page"}],"author":[{"embeddable":true,"href":"https:\/\/centelys.es\/en\/wp-json\/wp\/v2\/users\/1"}],"replies":[{"embeddable":true,"href":"https:\/\/centelys.es\/en\/wp-json\/wp\/v2\/comments?post=20354"}],"version-history":[{"count":0,"href":"https:\/\/centelys.es\/en\/wp-json\/wp\/v2\/pages\/20354\/revisions"}],"up":[{"embeddable":true,"href":"https:\/\/centelys.es\/en\/wp-json\/wp\/v2\/pages\/20342"}],"wp:featuredmedia":[{"embeddable":true,"href":"https:\/\/centelys.es\/en\/wp-json\/wp\/v2\/media\/20179"}],"wp:attachment":[{"href":"https:\/\/centelys.es\/en\/wp-json\/wp\/v2\/media?parent=20354"}],"curies":[{"name":"wp","href":"https:\/\/api.w.org\/{rel}","templated":true}]}}